{"id":15,"date":"2018-01-11T10:10:05","date_gmt":"2018-01-11T09:10:05","guid":{"rendered":"http:\/\/www.kisobrani-cerovecki.hr\/2018\/?page_id=15"},"modified":"2018-02-24T19:15:37","modified_gmt":"2018-02-24T18:15:37","slug":"sestinski-kisobran","status":"publish","type":"page","link":"https:\/\/www.kisobrani-cerovecki.hr\/en\/sestinski-kisobran\/","title":{"rendered":"The \u0160estine Umbrellas"},"content":{"rendered":"<p>The \u0160estine umbrella dates back to the mid 18th century. It is a part of the folk costume worn in the \u0160estine region of Zagreb and a recognizable souvenir of Croatia's capital. The art of making \u0160estine umbrellas by the traditional Cerove\u010dki Crafts is a part of the Register of protected non-material cultural goods of the Republic of Croatia. \u0160estine umbrella is characterized by the red cotton canopy with multicolored horizontal stiripes on the edges, thick wooden shaft and naturally crooked chestnut handle.<\/p>\n<h6> \u0160ESTINSKI KI\u0160OBRAN \u2013 8 \u017dICA<\/h6>\n<p>Izuzetno kompaktan i kvalitetan ru\u010dno izra\u0111en ki\u0161obran, neuni\u0161tiv na vjetru. Platno sadr\u017ei 55% pamuka i 45% poliestera. Drveni \u0161tap s ru\u010dkom od kestena. \u017dice su metalne, crno lakirane, za\u0161ti\u0107ene od hr\u0111e, duljine 61 cm, 63 cm i 67 cm.<\/p>\n<div id='gallery-1' class='gallery galleryid-15 gallery-columns-3 gallery-size-thumbnail'><figure class='gallery-item'>\n\t\t\t<div class='gallery-icon landscape'>\n\t\t\t\t<a href='https:\/\/www.kisobrani-cerovecki.hr\/wp-content\/uploads\/06.jpg'><img width=\"150\" height=\"150\" src=\"https:\/\/www.kisobrani-cerovecki.hr\/wp-content\/uploads\/06-150x150.jpg\" class=\"attachment-thumbnail size-thumbnail\" alt=\"\" loading=\"lazy\" srcset=\"https:\/\/www.kisobrani-cerovecki.hr\/wp-content\/uploads\/06-150x150.jpg 150w, https:\/\/www.kisobrani-cerovecki.hr\/wp-content\/uploads\/06-300x300.jpg 300w, https:\/\/www.kisobrani-cerovecki.hr\/wp-content\/uploads\/06-100x100.jpg 100w\" sizes=\"(max-width: 150px) 100vw, 150px\" \/><\/a>\n\t\t\t<\/div><\/figure><figure class='gallery-item'>\n\t\t\t<div class='gallery-icon landscape'>\n\t\t\t\t<a href='https:\/\/www.kisobrani-cerovecki.hr\/wp-content\/uploads\/02.jpg'><img width=\"150\" height=\"150\" src=\"https:\/\/www.kisobrani-cerovecki.hr\/wp-content\/uploads\/02-150x150.jpg\" class=\"attachment-thumbnail size-thumbnail\" alt=\"\" loading=\"lazy\" srcset=\"https:\/\/www.kisobrani-cerovecki.hr\/wp-content\/uploads\/02-150x150.jpg 150w, https:\/\/www.kisobrani-cerovecki.hr\/wp-content\/uploads\/02-300x300.jpg 300w, https:\/\/www.kisobrani-cerovecki.hr\/wp-content\/uploads\/02-100x100.jpg 100w\" sizes=\"(max-width: 150px) 100vw, 150px\" \/><\/a>\n\t\t\t<\/div><\/figure><figure class='gallery-item'>\n\t\t\t<div class='gallery-icon landscape'>\n\t\t\t\t<a href='https:\/\/www.kisobrani-cerovecki.hr\/wp-content\/uploads\/03.jpg'><img width=\"150\" height=\"150\" src=\"https:\/\/www.kisobrani-cerovecki.hr\/wp-content\/uploads\/03-150x150.jpg\" class=\"attachment-thumbnail size-thumbnail\" alt=\"\" loading=\"lazy\" srcset=\"https:\/\/www.kisobrani-cerovecki.hr\/wp-content\/uploads\/03-150x150.jpg 150w, https:\/\/www.kisobrani-cerovecki.hr\/wp-content\/uploads\/03-300x300.jpg 300w, https:\/\/www.kisobrani-cerovecki.hr\/wp-content\/uploads\/03-100x100.jpg 100w\" sizes=\"(max-width: 150px) 100vw, 150px\" \/><\/a>\n\t\t\t<\/div><\/figure><figure class='gallery-item'>\n\t\t\t<div class='gallery-icon landscape'>\n\t\t\t\t<a href='https:\/\/www.kisobrani-cerovecki.hr\/wp-content\/uploads\/07.jpg'><img width=\"150\" height=\"150\" src=\"https:\/\/www.kisobrani-cerovecki.hr\/wp-content\/uploads\/07-150x150.jpg\" class=\"attachment-thumbnail size-thumbnail\" alt=\"\" loading=\"lazy\" srcset=\"https:\/\/www.kisobrani-cerovecki.hr\/wp-content\/uploads\/07-150x150.jpg 150w, https:\/\/www.kisobrani-cerovecki.hr\/wp-content\/uploads\/07-300x300.jpg 300w, https:\/\/www.kisobrani-cerovecki.hr\/wp-content\/uploads\/07-100x100.jpg 100w\" sizes=\"(max-width: 150px) 100vw, 150px\" \/><\/a>\n\t\t\t<\/div><\/figure><figure class='gallery-item'>\n\t\t\t<div class='gallery-icon landscape'>\n\t\t\t\t<a href='https:\/\/www.kisobrani-cerovecki.hr\/wp-content\/uploads\/04.jpg'><img width=\"150\" height=\"150\" src=\"https:\/\/www.kisobrani-cerovecki.hr\/wp-content\/uploads\/04-150x150.jpg\" class=\"attachment-thumbnail size-thumbnail\" alt=\"\u0160estinski ki\u0161obran\" loading=\"lazy\" aria-describedby=\"gallery-1-20\" srcset=\"https:\/\/www.kisobrani-cerovecki.hr\/wp-content\/uploads\/04-150x150.jpg 150w, https:\/\/www.kisobrani-cerovecki.hr\/wp-content\/uploads\/04-300x300.jpg 300w, https:\/\/www.kisobrani-cerovecki.hr\/wp-content\/uploads\/04-100x100.jpg 100w\" sizes=\"(max-width: 150px) 100vw, 150px\" \/><\/a>\n\t\t\t<\/div>\n\t\t\t\t<figcaption class='wp-caption-text gallery-caption' id='gallery-1-20'>\n\t\t\t\tThe \u0160estine Umbrellas\n\t\t\t\t<\/figcaption><\/figure><figure class='gallery-item'>\n\t\t\t<div class='gallery-icon landscape'>\n\t\t\t\t<a href='https:\/\/www.kisobrani-cerovecki.hr\/wp-content\/uploads\/01.jpg'><img width=\"150\" height=\"150\" src=\"https:\/\/www.kisobrani-cerovecki.hr\/wp-content\/uploads\/01-150x150.jpg\" class=\"attachment-thumbnail size-thumbnail\" alt=\"\" loading=\"lazy\" srcset=\"https:\/\/www.kisobrani-cerovecki.hr\/wp-content\/uploads\/01-150x150.jpg 150w, https:\/\/www.kisobrani-cerovecki.hr\/wp-content\/uploads\/01-300x300.jpg 300w, https:\/\/www.kisobrani-cerovecki.hr\/wp-content\/uploads\/01-100x100.jpg 100w\" sizes=\"(max-width: 150px) 100vw, 150px\" \/><\/a>\n\t\t\t<\/div><\/figure><figure class='gallery-item'>\n\t\t\t<div class='gallery-icon landscape'>\n\t\t\t\t<a href='https:\/\/www.kisobrani-cerovecki.hr\/wp-content\/uploads\/05.jpg'><img width=\"150\" height=\"150\" src=\"https:\/\/www.kisobrani-cerovecki.hr\/wp-content\/uploads\/05-150x150.jpg\" class=\"attachment-thumbnail size-thumbnail\" alt=\"\" loading=\"lazy\" srcset=\"https:\/\/www.kisobrani-cerovecki.hr\/wp-content\/uploads\/05-150x150.jpg 150w, https:\/\/www.kisobrani-cerovecki.hr\/wp-content\/uploads\/05-300x300.jpg 300w, https:\/\/www.kisobrani-cerovecki.hr\/wp-content\/uploads\/05-100x100.jpg 100w\" sizes=\"(max-width: 150px) 100vw, 150px\" \/><\/a>\n\t\t\t<\/div><\/figure><figure class='gallery-item'>\n\t\t\t<div class='gallery-icon landscape'>\n\t\t\t\t<a href='https:\/\/www.kisobrani-cerovecki.hr\/wp-content\/uploads\/08.jpg'><img width=\"150\" height=\"150\" src=\"https:\/\/www.kisobrani-cerovecki.hr\/wp-content\/uploads\/08-150x150.jpg\" class=\"attachment-thumbnail size-thumbnail\" alt=\"\" loading=\"lazy\" srcset=\"https:\/\/www.kisobrani-cerovecki.hr\/wp-content\/uploads\/08-150x150.jpg 150w, https:\/\/www.kisobrani-cerovecki.hr\/wp-content\/uploads\/08-300x300.jpg 300w, https:\/\/www.kisobrani-cerovecki.hr\/wp-content\/uploads\/08-100x100.jpg 100w\" sizes=\"(max-width: 150px) 100vw, 150px\" \/><\/a>\n\t\t\t<\/div><\/figure>\n\t\t<\/div>","protected":false},"excerpt":{"rendered":"<p>\u0160estinski ki\u0161obran datira iz sredine 18. stolje\u0107a. Dio je \u0161estinske narodne no\u0161nje i prepoznatljivi je suvenir grada Zagreba. Umije\u0107e izrade \u0161estinskog ki\u0161obrana u tradicijskom obrtu Cerove\u010dki dio je Liste za\u0161ti\u0107enih nematerijalnih kulturnih dobara Republike Hrvatske. \u0160estinski ki\u0161obran karakteristi\u010dan je po crvenom pamu\u010dnom platnu s raznobojnim prugama, debelim drvenim \u0161tapom i prirodno savijenom ru\u010dkom od kestena. [&hellip;]<\/p>","protected":false},"author":1,"featured_media":30,"parent":0,"menu_order":0,"comment_status":"closed","ping_status":"closed","template":"","meta":[],"_links":{"self":[{"href":"https:\/\/www.kisobrani-cerovecki.hr\/en\/wp-json\/wp\/v2\/pages\/15"}],"collection":[{"href":"https:\/\/www.kisobrani-cerovecki.hr\/en\/wp-json\/wp\/v2\/pages"}],"about":[{"href":"https:\/\/www.kisobrani-cerovecki.hr\/en\/wp-json\/wp\/v2\/types\/page"}],"author":[{"embeddable":true,"href":"https:\/\/www.kisobrani-cerovecki.hr\/en\/wp-json\/wp\/v2\/users\/1"}],"replies":[{"embeddable":true,"href":"https:\/\/www.kisobrani-cerovecki.hr\/en\/wp-json\/wp\/v2\/comments?post=15"}],"version-history":[{"count":6,"href":"https:\/\/www.kisobrani-cerovecki.hr\/en\/wp-json\/wp\/v2\/pages\/15\/revisions"}],"predecessor-version":[{"id":197,"href":"https:\/\/www.kisobrani-cerovecki.hr\/en\/wp-json\/wp\/v2\/pages\/15\/revisions\/197"}],"wp:featuredmedia":[{"embeddable":true,"href":"https:\/\/www.kisobrani-cerovecki.hr\/en\/wp-json\/wp\/v2\/media\/30"}],"wp:attachment":[{"href":"https:\/\/www.kisobrani-cerovecki.hr\/en\/wp-json\/wp\/v2\/media?parent=15"}],"curies":[{"name":"wp","href":"https:\/\/api.w.org\/{rel}","templated":true}]}}