{"id":156,"date":"2018-01-16T15:20:10","date_gmt":"2018-01-16T14:20:10","guid":{"rendered":"http:\/\/www.kisobrani-cerovecki.hr\/2018\/?page_id=156"},"modified":"2018-02-24T19:34:07","modified_gmt":"2018-02-24T18:34:07","slug":"o-nama","status":"publish","type":"page","link":"https:\/\/www.kisobrani-cerovecki.hr\/en\/o-nama\/","title":{"rendered":"About us"},"content":{"rendered":"<p>We proudly nurture a 100-year-old tradition and continue the family business of making umbrellas for three generations. Our story begins back in\u00a0<strong>1912. <\/strong><strong>Mr<\/strong><strong> Mijo Cepanec<\/strong>\u00a0started his umbrella artisan shop in<strong>\u00a0<\/strong><strong>Vara\u017edin<\/strong>\u00a0called<strong>\u00a0<\/strong>\u201e<strong>Cepanec<\/strong>\". His business grew and since Mr. Cepanec didn't have any children, he chose his nephew\u00a0<strong>Gabriel Cerove\u010dki<\/strong>\u00a0to teach him the arts and crafts of umbrella making and to continue the business. Since they worked with high-quality materials and followed the fashion trends, the demand for their handmade umbrellas grew. In\u00a0<strong>1936 Mr. Cepanec opened another shop at 19 Ilica Street in Zagreb,<\/strong>\u00a0where Gabrijel Cerove\u010dki took over after finishing his apprenticeship and passing the Pre-Master and Master umbrella maker examination. A skillful master, Gabrijel Cerove\u010dki made the umbrellas for the\u00a0<strong>General Trades International Exhibition in London in 1936 that won the Grand Prix and Gold Medal award.<\/strong>.<\/p>\n<p><iframe loading=\"lazy\" title=\"Ki\u0161obrani Cerove\u010dki (Zagreb)\" width=\"640\" height=\"360\" src=\"https:\/\/www.youtube.com\/embed\/SWZf1PnXYTM?feature=oembed\" frameborder=\"0\" allow=\"accelerometer; autoplay; clipboard-write; encrypted-media; gyroscope; picture-in-picture\" allowfullscreen><\/iframe><\/p>\n<p>We have been making all kinds of umbrellas: from simple, everyday umbrellas, elegant ladies and gents umbrellas to ladies and garden parasols. Around 1937 we began importing Knirps umbrella parts. In our workshop we assembled the famous Knirps umbrellas and continued the cooperation with other foreign umbrella manufacturers aswell. The quality and durability of our products have always been of paramount importance. In 1943 Gabrijel Cerove\u010dki inherited the entire branch from Mr. Cepanec. As the business continued to grow, Mr. Cerove\u010dki decided to pass his knowledge on to his son\u00a0<strong>Kre\u0161imir Cerove\u010dki<\/strong>, who also became a master umbrella maker. To keep up with the ever growing demand, they worked together with six other workers. During 1967, due to political decisions unfavorable toward the private tradespeople and their businesses, many of the crafts and shops in the center of Zagreb were closed, Ki\u0161obrani Cerove\u010dki was not excluded from this. Within 24 hours Gabrijel Cerove\u010dki was out of his legaly owned shop. However, he refused to give up and continued working at home until he got another chance to open his shop, this time at<strong>\u00a0<\/strong><strong>Ilica 50.<\/strong><\/p>\n<p>Thanks to persistance and devotion, Ki\u0161obrani Cerove\u010dki were back to business. Despite of tough competition, our quality and design became our trademark. We made umbrellas and ladies parasols for film sets and theatres with which we continue our cooperation up until today. We made custom made replicas of umbrellas and parasols from the 18th, 19th and the early 20th century for American, English and German film studios. In 1975 Kre\u0161imir Cerove\u010dki took over his father's business. Continuing the family tradition, Kre\u0161imir's son Thomislav Cerove\u010dki joined the craft in 1994 and is today the proud owner of Ki\u0161obrani Cerove\u010dki. Since 2004 our workshop has been situated at <strong>49 Ilica Street<\/strong>, where you can find us today.<\/p>\n<p>Many domestic and foreign media have shown interest in our products and our traditional craft of making umbrellas: the Japanese, Spanish and Greek broadcastig companies and the Austrian ORF, to name but a few. We made the \u0160estine umbrellas for the Japanese market and have even had the pleasure of making a replica of a mid 19th century ladies parasol for the Japanese Princess. The parasol was a custom made gift from the City of Zagreb when she visited our capital. We have presented our products at exhibitions in Germany (Frankfurt, M\u00fcnchen) and the USA (New York, Manhattan). Many companies, embassies, ministries, the Office of the Chief of Protocol etc. have acknowledged our commitment to top quality by ordering our products as gifts for other statesmen or business partners. Most popular gift seems to be the charming and recognizable <strong>\u0160estine umbrella<\/strong>.<\/p>\n<p>In times of increasing imports from the Far East, our products stand out thanks to their premium quality and style. Same as back in 1912, our high quality umbrellas and parasols are still being handmade with precision and love. <strong>We specialize in making and repairing all kinds of umbrellas as well as ladies and garden parasols<\/strong>We are proud of our success and tradition, and our products \u2013 that can be found both in Croatia and worldwide \u2013 speek for themselves.<\/p>","protected":false},"excerpt":{"rendered":"<p>S ponosom njegujemo stogodi\u0161nju ki\u0161obranarsku tradiciju i s ljubavlju nastavljamo obiteljski obrt ve\u0107 tre\u0107u generaciju. Davne\u00a01912. godine gospodin Mijo Cepanec\u00a0je u\u00a0Vara\u017edinu\u00a0u Du\u0107anskoj ulici osnovao ki\u0161obranarski obrt\u00a0\u201eCepanec\u201d. Obrt se iz dana u dan sve vi\u0161e razvijao, a kako gospodin Cepanec nije imao djece, uzeo je svog ne\u0107aka\u00a0Gabrijela Cerove\u010dkog\u00a0da izu\u010di\u00a0zanat ki\u0161obranara i nastavi posao. Budu\u0107i da se [&hellip;]<\/p>","protected":false},"author":1,"featured_media":0,"parent":0,"menu_order":0,"comment_status":"closed","ping_status":"closed","template":"","meta":[],"_links":{"self":[{"href":"https:\/\/www.kisobrani-cerovecki.hr\/en\/wp-json\/wp\/v2\/pages\/156"}],"collection":[{"href":"https:\/\/www.kisobrani-cerovecki.hr\/en\/wp-json\/wp\/v2\/pages"}],"about":[{"href":"https:\/\/www.kisobrani-cerovecki.hr\/en\/wp-json\/wp\/v2\/types\/page"}],"author":[{"embeddable":true,"href":"https:\/\/www.kisobrani-cerovecki.hr\/en\/wp-json\/wp\/v2\/users\/1"}],"replies":[{"embeddable":true,"href":"https:\/\/www.kisobrani-cerovecki.hr\/en\/wp-json\/wp\/v2\/comments?post=156"}],"version-history":[{"count":6,"href":"https:\/\/www.kisobrani-cerovecki.hr\/en\/wp-json\/wp\/v2\/pages\/156\/revisions"}],"predecessor-version":[{"id":251,"href":"https:\/\/www.kisobrani-cerovecki.hr\/en\/wp-json\/wp\/v2\/pages\/156\/revisions\/251"}],"wp:attachment":[{"href":"https:\/\/www.kisobrani-cerovecki.hr\/en\/wp-json\/wp\/v2\/media?parent=156"}],"curies":[{"name":"wp","href":"https:\/\/api.w.org\/{rel}","templated":true}]}}