{"id":161,"date":"2018-01-16T16:22:24","date_gmt":"2018-01-16T15:22:24","guid":{"rendered":"http:\/\/www.kisobrani-cerovecki.hr\/2018\/?page_id=161"},"modified":"2018-01-16T16:22:24","modified_gmt":"2018-01-16T15:22:24","slug":"kontakt","status":"publish","type":"page","link":"https:\/\/www.kisobrani-cerovecki.hr\/en\/kontakt\/","title":{"rendered":"Contact"},"content":{"rendered":"<p>Ki\u0161obrani Cerove\u010dki<br \/>\nIlica 49, 10000 Zagreb<br \/>\nCroatia<\/p>\n<p>Tel: (01) 4847 417<br \/>\nE-mail: thomislav.cerovecki@gmail.com<\/p>\n<p>Facebook: <a href=\"http:\/\/www.facebook.com\/damski.suncobrani\">Ki\u0161obrani Cerove\u010dki page<\/a><\/p>\n<p><iframe loading=\"lazy\" src=\"https:\/\/www.google.com\/maps\/embed?pb=!1m18!1m12!1m3!1d2780.9054879240357!2d15.96584441556922!3d45.81315117910663!2m3!1f0!2f0!3f0!3m2!1i1024!2i768!4f13.1!3m3!1m2!1s0x4765d6e3ab899aed%3A0x4ad6ec9bf63ff71f!2sIlica+49%2C+10000%2C+Zagreb!5e0!3m2!1sen!2shr!4v1516115931422\" width=\"100%\" height=\"600\" frameborder=\"0\" style=\"border:0\" allowfullscreen><\/iframe><\/p>","protected":false},"excerpt":{"rendered":"<p>Ki\u0161obrani Cerove\u010dki Ilica 49, 10000 Zagreb Hrvatska Tel: (01) 4847 417 E-mail: thomislav.cerovecki@gmail.com Facebook: Ki\u0161obrani Cerove\u010dki page<\/p>","protected":false},"author":1,"featured_media":0,"parent":0,"menu_order":0,"comment_status":"closed","ping_status":"closed","template":"","meta":[],"_links":{"self":[{"href":"https:\/\/www.kisobrani-cerovecki.hr\/en\/wp-json\/wp\/v2\/pages\/161"}],"collection":[{"href":"https:\/\/www.kisobrani-cerovecki.hr\/en\/wp-json\/wp\/v2\/pages"}],"about":[{"href":"https:\/\/www.kisobrani-cerovecki.hr\/en\/wp-json\/wp\/v2\/types\/page"}],"author":[{"embeddable":true,"href":"https:\/\/www.kisobrani-cerovecki.hr\/en\/wp-json\/wp\/v2\/users\/1"}],"replies":[{"embeddable":true,"href":"https:\/\/www.kisobrani-cerovecki.hr\/en\/wp-json\/wp\/v2\/comments?post=161"}],"version-history":[{"count":1,"href":"https:\/\/www.kisobrani-cerovecki.hr\/en\/wp-json\/wp\/v2\/pages\/161\/revisions"}],"predecessor-version":[{"id":162,"href":"https:\/\/www.kisobrani-cerovecki.hr\/en\/wp-json\/wp\/v2\/pages\/161\/revisions\/162"}],"wp:attachment":[{"href":"https:\/\/www.kisobrani-cerovecki.hr\/en\/wp-json\/wp\/v2\/media?parent=161"}],"curies":[{"name":"wp","href":"https:\/\/api.w.org\/{rel}","templated":true}]}}