{"id":166,"date":"2018-02-16T10:35:43","date_gmt":"2018-02-16T09:35:43","guid":{"rendered":"http:\/\/www.kisobrani-cerovecki.hr\/2018\/?page_id=166"},"modified":"2018-03-19T12:38:09","modified_gmt":"2018-03-19T11:38:09","slug":"galerija-i-mediji","status":"publish","type":"page","link":"https:\/\/www.kisobrani-cerovecki.hr\/en\/galerija-i-mediji\/","title":{"rendered":"Gallery &amp; Press"},"content":{"rendered":"<p><strong>Video<\/strong><br \/>\n<iframe loading=\"lazy\" width=\"640\" height=\"360\" src=\"https:\/\/www.youtube.com\/embed\/qnpcn8g46cE?feature=oembed\" frameborder=\"0\" allow=\"autoplay; encrypted-media\" allowfullscreen><\/iframe><\/p>\n<p><iframe loading=\"lazy\" width=\"640\" height=\"360\" src=\"https:\/\/www.youtube.com\/embed\/QL6gAahgtC8?feature=oembed\" frameborder=\"0\" allow=\"autoplay; encrypted-media\" allowfullscreen><\/iframe><\/p>\n<p><iframe loading=\"lazy\" width=\"640\" height=\"360\" src=\"https:\/\/www.youtube.com\/embed\/IG35vxYKWF0?feature=oembed\" frameborder=\"0\" allow=\"autoplay; encrypted-media\" allowfullscreen><\/iframe><\/p>\n<p><iframe loading=\"lazy\" width=\"640\" height=\"360\" src=\"https:\/\/www.youtube.com\/embed\/f1Vh_1zY1m4?start=40&#038;feature=oembed\" frameborder=\"0\" allow=\"autoplay; encrypted-media\" allowfullscreen><\/iframe><\/p>\n<p><iframe loading=\"lazy\" width=\"640\" height=\"360\" src=\"https:\/\/www.youtube.com\/embed\/xXoX7f__3hM?feature=oembed\" frameborder=\"0\" allow=\"autoplay; encrypted-media\" allowfullscreen><\/iframe><\/p>\n<p><strong>Photogallery &amp; Press Clipping<\/strong><\/p>\n<div id='gallery-1' class='gallery galleryid-166 gallery-columns-3 gallery-size-thumbnail'><figure class='gallery-item'>\n\t\t\t<div class='gallery-icon landscape'>\n\t\t\t\t<img width=\"150\" height=\"150\" src=\"https:\/\/www.kisobrani-cerovecki.hr\/wp-content\/uploads\/missturizma-150x150.jpg\" class=\"attachment-thumbnail size-thumbnail\" alt=\"\" loading=\"lazy\" srcset=\"https:\/\/www.kisobrani-cerovecki.hr\/wp-content\/uploads\/missturizma-150x150.jpg 150w, https:\/\/www.kisobrani-cerovecki.hr\/wp-content\/uploads\/missturizma-300x300.jpg 300w, https:\/\/www.kisobrani-cerovecki.hr\/wp-content\/uploads\/missturizma-100x100.jpg 100w\" sizes=\"(max-width: 150px) 100vw, 150px\" \/>\n\t\t\t<\/div><\/figure><figure class='gallery-item'>\n\t\t\t<div class='gallery-icon landscape'>\n\t\t\t\t<img width=\"150\" height=\"150\" src=\"https:\/\/www.kisobrani-cerovecki.hr\/wp-content\/uploads\/13438992_893925907420013_7359537306742559816_n-150x150.jpg\" class=\"attachment-thumbnail size-thumbnail\" alt=\"\" loading=\"lazy\" srcset=\"https:\/\/www.kisobrani-cerovecki.hr\/wp-content\/uploads\/13438992_893925907420013_7359537306742559816_n-150x150.jpg 150w, https:\/\/www.kisobrani-cerovecki.hr\/wp-content\/uploads\/13438992_893925907420013_7359537306742559816_n-300x300.jpg 300w, https:\/\/www.kisobrani-cerovecki.hr\/wp-content\/uploads\/13438992_893925907420013_7359537306742559816_n-100x100.jpg 100w\" sizes=\"(max-width: 150px) 100vw, 150px\" \/>\n\t\t\t<\/div><\/figure><figure class='gallery-item'>\n\t\t\t<div class='gallery-icon landscape'>\n\t\t\t\t<img width=\"150\" height=\"150\" src=\"https:\/\/www.kisobrani-cerovecki.hr\/wp-content\/uploads\/1798350_693859857426620_5554958933310780868_n-150x150.jpg\" class=\"attachment-thumbnail size-thumbnail\" alt=\"\" loading=\"lazy\" srcset=\"https:\/\/www.kisobrani-cerovecki.hr\/wp-content\/uploads\/1798350_693859857426620_5554958933310780868_n-150x150.jpg 150w, https:\/\/www.kisobrani-cerovecki.hr\/wp-content\/uploads\/1798350_693859857426620_5554958933310780868_n-300x300.jpg 300w, https:\/\/www.kisobrani-cerovecki.hr\/wp-content\/uploads\/1798350_693859857426620_5554958933310780868_n-100x100.jpg 100w\" sizes=\"(max-width: 150px) 100vw, 150px\" \/>\n\t\t\t<\/div><\/figure><figure class='gallery-item'>\n\t\t\t<div class='gallery-icon landscape'>\n\t\t\t\t<img width=\"150\" height=\"150\" src=\"https:\/\/www.kisobrani-cerovecki.hr\/wp-content\/uploads\/11407141_693860497426556_3503768779830615803_n-150x150.jpg\" class=\"attachment-thumbnail size-thumbnail\" alt=\"\" loading=\"lazy\" srcset=\"https:\/\/www.kisobrani-cerovecki.hr\/wp-content\/uploads\/11407141_693860497426556_3503768779830615803_n-150x150.jpg 150w, https:\/\/www.kisobrani-cerovecki.hr\/wp-content\/uploads\/11407141_693860497426556_3503768779830615803_n-300x300.jpg 300w, https:\/\/www.kisobrani-cerovecki.hr\/wp-content\/uploads\/11407141_693860497426556_3503768779830615803_n-100x100.jpg 100w\" sizes=\"(max-width: 150px) 100vw, 150px\" \/>\n\t\t\t<\/div><\/figure><figure class='gallery-item'>\n\t\t\t<div class='gallery-icon landscape'>\n\t\t\t\t<img width=\"150\" height=\"150\" src=\"https:\/\/www.kisobrani-cerovecki.hr\/wp-content\/uploads\/13512036_893925814086689_1312245511299773453_n-150x150.jpg\" class=\"attachment-thumbnail size-thumbnail\" alt=\"\" loading=\"lazy\" srcset=\"https:\/\/www.kisobrani-cerovecki.hr\/wp-content\/uploads\/13512036_893925814086689_1312245511299773453_n-150x150.jpg 150w, https:\/\/www.kisobrani-cerovecki.hr\/wp-content\/uploads\/13512036_893925814086689_1312245511299773453_n-300x300.jpg 300w, https:\/\/www.kisobrani-cerovecki.hr\/wp-content\/uploads\/13512036_893925814086689_1312245511299773453_n-100x100.jpg 100w\" sizes=\"(max-width: 150px) 100vw, 150px\" \/>\n\t\t\t<\/div><\/figure><figure class='gallery-item'>\n\t\t\t<div class='gallery-icon portrait'>\n\t\t\t\t<img width=\"150\" height=\"150\" src=\"https:\/\/www.kisobrani-cerovecki.hr\/wp-content\/uploads\/23319366_1260490284096905_591594620462218783_n-150x150.jpg\" class=\"attachment-thumbnail size-thumbnail\" alt=\"\" loading=\"lazy\" srcset=\"https:\/\/www.kisobrani-cerovecki.hr\/wp-content\/uploads\/23319366_1260490284096905_591594620462218783_n-150x150.jpg 150w, https:\/\/www.kisobrani-cerovecki.hr\/wp-content\/uploads\/23319366_1260490284096905_591594620462218783_n-300x300.jpg 300w, https:\/\/www.kisobrani-cerovecki.hr\/wp-content\/uploads\/23319366_1260490284096905_591594620462218783_n-100x100.jpg 100w\" sizes=\"(max-width: 150px) 100vw, 150px\" \/>\n\t\t\t<\/div><\/figure><figure class='gallery-item'>\n\t\t\t<div class='gallery-icon landscape'>\n\t\t\t\t<img width=\"150\" height=\"150\" src=\"https:\/\/www.kisobrani-cerovecki.hr\/wp-content\/uploads\/10175026_442348795911062_1181139521493747750_n-150x150.jpg\" class=\"attachment-thumbnail size-thumbnail\" alt=\"\" loading=\"lazy\" srcset=\"https:\/\/www.kisobrani-cerovecki.hr\/wp-content\/uploads\/10175026_442348795911062_1181139521493747750_n-150x150.jpg 150w, https:\/\/www.kisobrani-cerovecki.hr\/wp-content\/uploads\/10175026_442348795911062_1181139521493747750_n-300x300.jpg 300w, https:\/\/www.kisobrani-cerovecki.hr\/wp-content\/uploads\/10175026_442348795911062_1181139521493747750_n-100x100.jpg 100w\" sizes=\"(max-width: 150px) 100vw, 150px\" \/>\n\t\t\t<\/div><\/figure><figure class='gallery-item'>\n\t\t\t<div class='gallery-icon portrait'>\n\t\t\t\t<img width=\"150\" height=\"150\" src=\"https:\/\/www.kisobrani-cerovecki.hr\/wp-content\/uploads\/jacques-150x150.jpg\" class=\"attachment-thumbnail size-thumbnail\" alt=\"\" loading=\"lazy\" srcset=\"https:\/\/www.kisobrani-cerovecki.hr\/wp-content\/uploads\/jacques-150x150.jpg 150w, https:\/\/www.kisobrani-cerovecki.hr\/wp-content\/uploads\/jacques-300x300.jpg 300w, https:\/\/www.kisobrani-cerovecki.hr\/wp-content\/uploads\/jacques-100x100.jpg 100w\" sizes=\"(max-width: 150px) 100vw, 150px\" \/>\n\t\t\t<\/div><\/figure><figure class='gallery-item'>\n\t\t\t<div class='gallery-icon landscape'>\n\t\t\t\t<img width=\"150\" height=\"150\" src=\"https:\/\/www.kisobrani-cerovecki.hr\/wp-content\/uploads\/980836_821432964669308_7428165911427030762_o-1-150x150.jpg\" class=\"attachment-thumbnail size-thumbnail\" alt=\"\" loading=\"lazy\" srcset=\"https:\/\/www.kisobrani-cerovecki.hr\/wp-content\/uploads\/980836_821432964669308_7428165911427030762_o-1-150x150.jpg 150w, https:\/\/www.kisobrani-cerovecki.hr\/wp-content\/uploads\/980836_821432964669308_7428165911427030762_o-1-300x300.jpg 300w, https:\/\/www.kisobrani-cerovecki.hr\/wp-content\/uploads\/980836_821432964669308_7428165911427030762_o-1-100x100.jpg 100w\" sizes=\"(max-width: 150px) 100vw, 150px\" \/>\n\t\t\t<\/div><\/figure><figure class='gallery-item'>\n\t\t\t<div class='gallery-icon landscape'>\n\t\t\t\t<img width=\"150\" height=\"150\" src=\"https:\/\/www.kisobrani-cerovecki.hr\/wp-content\/uploads\/11017024_628028657343074_1013057442288795781_n-150x150.jpg\" class=\"attachment-thumbnail size-thumbnail\" alt=\"\" loading=\"lazy\" srcset=\"https:\/\/www.kisobrani-cerovecki.hr\/wp-content\/uploads\/11017024_628028657343074_1013057442288795781_n-150x150.jpg 150w, https:\/\/www.kisobrani-cerovecki.hr\/wp-content\/uploads\/11017024_628028657343074_1013057442288795781_n-300x300.jpg 300w, https:\/\/www.kisobrani-cerovecki.hr\/wp-content\/uploads\/11017024_628028657343074_1013057442288795781_n-100x100.jpg 100w\" sizes=\"(max-width: 150px) 100vw, 150px\" \/>\n\t\t\t<\/div><\/figure><figure class='gallery-item'>\n\t\t\t<div class='gallery-icon portrait'>\n\t\t\t\t<img width=\"150\" height=\"150\" src=\"https:\/\/www.kisobrani-cerovecki.hr\/wp-content\/uploads\/23472746_1260490237430243_2564963018121452232_n-150x150.jpg\" class=\"attachment-thumbnail size-thumbnail\" alt=\"\" loading=\"lazy\" srcset=\"https:\/\/www.kisobrani-cerovecki.hr\/wp-content\/uploads\/23472746_1260490237430243_2564963018121452232_n-150x150.jpg 150w, https:\/\/www.kisobrani-cerovecki.hr\/wp-content\/uploads\/23472746_1260490237430243_2564963018121452232_n-300x300.jpg 300w, https:\/\/www.kisobrani-cerovecki.hr\/wp-content\/uploads\/23472746_1260490237430243_2564963018121452232_n-100x100.jpg 100w\" sizes=\"(max-width: 150px) 100vw, 150px\" \/>\n\t\t\t<\/div><\/figure><figure class='gallery-item'>\n\t\t\t<div class='gallery-icon landscape'>\n\t\t\t\t<img width=\"150\" height=\"150\" src=\"https:\/\/www.kisobrani-cerovecki.hr\/wp-content\/uploads\/11178346_693876260758313_680899499885679493_n-150x150.jpg\" class=\"attachment-thumbnail size-thumbnail\" alt=\"\" loading=\"lazy\" srcset=\"https:\/\/www.kisobrani-cerovecki.hr\/wp-content\/uploads\/11178346_693876260758313_680899499885679493_n-150x150.jpg 150w, https:\/\/www.kisobrani-cerovecki.hr\/wp-content\/uploads\/11178346_693876260758313_680899499885679493_n-300x300.jpg 300w, https:\/\/www.kisobrani-cerovecki.hr\/wp-content\/uploads\/11178346_693876260758313_680899499885679493_n-100x100.jpg 100w\" sizes=\"(max-width: 150px) 100vw, 150px\" \/>\n\t\t\t<\/div><\/figure><figure class='gallery-item'>\n\t\t\t<div class='gallery-icon portrait'>\n\t\t\t\t<img width=\"150\" height=\"150\" src=\"https:\/\/www.kisobrani-cerovecki.hr\/wp-content\/uploads\/10313308_693860287426577_118538888092406160_n-150x150.jpg\" class=\"attachment-thumbnail size-thumbnail\" alt=\"\" loading=\"lazy\" srcset=\"https:\/\/www.kisobrani-cerovecki.hr\/wp-content\/uploads\/10313308_693860287426577_118538888092406160_n-150x150.jpg 150w, https:\/\/www.kisobrani-cerovecki.hr\/wp-content\/uploads\/10313308_693860287426577_118538888092406160_n-300x300.jpg 300w, https:\/\/www.kisobrani-cerovecki.hr\/wp-content\/uploads\/10313308_693860287426577_118538888092406160_n-100x100.jpg 100w\" sizes=\"(max-width: 150px) 100vw, 150px\" \/>\n\t\t\t<\/div><\/figure><figure class='gallery-item'>\n\t\t\t<div class='gallery-icon portrait'>\n\t\t\t\t<img width=\"150\" height=\"150\" src=\"https:\/\/www.kisobrani-cerovecki.hr\/wp-content\/uploads\/11659408_10205943898309491_4775313608319279789_n-150x150.jpg\" class=\"attachment-thumbnail size-thumbnail\" alt=\"\" loading=\"lazy\" srcset=\"https:\/\/www.kisobrani-cerovecki.hr\/wp-content\/uploads\/11659408_10205943898309491_4775313608319279789_n-150x150.jpg 150w, https:\/\/www.kisobrani-cerovecki.hr\/wp-content\/uploads\/11659408_10205943898309491_4775313608319279789_n-300x300.jpg 300w, https:\/\/www.kisobrani-cerovecki.hr\/wp-content\/uploads\/11659408_10205943898309491_4775313608319279789_n-100x100.jpg 100w\" sizes=\"(max-width: 150px) 100vw, 150px\" \/>\n\t\t\t<\/div><\/figure><figure class='gallery-item'>\n\t\t\t<div class='gallery-icon landscape'>\n\t\t\t\t<img width=\"150\" height=\"150\" src=\"https:\/\/www.kisobrani-cerovecki.hr\/wp-content\/uploads\/12191862_755914531221152_1260708620373084943_n-1-150x150.jpg\" class=\"attachment-thumbnail size-thumbnail\" alt=\"\" loading=\"lazy\" srcset=\"https:\/\/www.kisobrani-cerovecki.hr\/wp-content\/uploads\/12191862_755914531221152_1260708620373084943_n-1-150x150.jpg 150w, https:\/\/www.kisobrani-cerovecki.hr\/wp-content\/uploads\/12191862_755914531221152_1260708620373084943_n-1-300x300.jpg 300w, https:\/\/www.kisobrani-cerovecki.hr\/wp-content\/uploads\/12191862_755914531221152_1260708620373084943_n-1-100x100.jpg 100w, https:\/\/www.kisobrani-cerovecki.hr\/wp-content\/uploads\/12191862_755914531221152_1260708620373084943_n-1-600x600.jpg 600w, https:\/\/www.kisobrani-cerovecki.hr\/wp-content\/uploads\/12191862_755914531221152_1260708620373084943_n-1-768x768.jpg 768w, https:\/\/www.kisobrani-cerovecki.hr\/wp-content\/uploads\/12191862_755914531221152_1260708620373084943_n-1.jpg 960w\" sizes=\"(max-width: 150px) 100vw, 150px\" \/>\n\t\t\t<\/div><\/figure><figure class='gallery-item'>\n\t\t\t<div class='gallery-icon landscape'>\n\t\t\t\t<img width=\"150\" height=\"150\" src=\"https:\/\/www.kisobrani-cerovecki.hr\/wp-content\/uploads\/10303879_693860390759900_3198337608281569427_n-150x150.jpg\" class=\"attachment-thumbnail size-thumbnail\" alt=\"\" loading=\"lazy\" srcset=\"https:\/\/www.kisobrani-cerovecki.hr\/wp-content\/uploads\/10303879_693860390759900_3198337608281569427_n-150x150.jpg 150w, https:\/\/www.kisobrani-cerovecki.hr\/wp-content\/uploads\/10303879_693860390759900_3198337608281569427_n-300x300.jpg 300w, https:\/\/www.kisobrani-cerovecki.hr\/wp-content\/uploads\/10303879_693860390759900_3198337608281569427_n-100x100.jpg 100w\" sizes=\"(max-width: 150px) 100vw, 150px\" \/>\n\t\t\t<\/div><\/figure><figure class='gallery-item'>\n\t\t\t<div class='gallery-icon landscape'>\n\t\t\t\t<img width=\"150\" height=\"150\" src=\"https:\/\/www.kisobrani-cerovecki.hr\/wp-content\/uploads\/11406826_690384621107477_1238101467717604880_n-150x150.jpg\" class=\"attachment-thumbnail size-thumbnail\" alt=\"\" loading=\"lazy\" srcset=\"https:\/\/www.kisobrani-cerovecki.hr\/wp-content\/uploads\/11406826_690384621107477_1238101467717604880_n-150x150.jpg 150w, https:\/\/www.kisobrani-cerovecki.hr\/wp-content\/uploads\/11406826_690384621107477_1238101467717604880_n-300x300.jpg 300w, https:\/\/www.kisobrani-cerovecki.hr\/wp-content\/uploads\/11406826_690384621107477_1238101467717604880_n-100x100.jpg 100w\" sizes=\"(max-width: 150px) 100vw, 150px\" \/>\n\t\t\t<\/div><\/figure><figure class='gallery-item'>\n\t\t\t<div class='gallery-icon landscape'>\n\t\t\t\t<img width=\"150\" height=\"150\" src=\"https:\/\/www.kisobrani-cerovecki.hr\/wp-content\/uploads\/980836_821432964669308_7428165911427030762_o-150x150.jpg\" class=\"attachment-thumbnail size-thumbnail\" alt=\"\" loading=\"lazy\" srcset=\"https:\/\/www.kisobrani-cerovecki.hr\/wp-content\/uploads\/980836_821432964669308_7428165911427030762_o-150x150.jpg 150w, https:\/\/www.kisobrani-cerovecki.hr\/wp-content\/uploads\/980836_821432964669308_7428165911427030762_o-300x300.jpg 300w, https:\/\/www.kisobrani-cerovecki.hr\/wp-content\/uploads\/980836_821432964669308_7428165911427030762_o-100x100.jpg 100w\" sizes=\"(max-width: 150px) 100vw, 150px\" \/>\n\t\t\t<\/div><\/figure><figure class='gallery-item'>\n\t\t\t<div class='gallery-icon portrait'>\n\t\t\t\t<img width=\"150\" height=\"150\" src=\"https:\/\/www.kisobrani-cerovecki.hr\/wp-content\/uploads\/10801923_626172774195329_491269790748237257_n-150x150.jpg\" class=\"attachment-thumbnail size-thumbnail\" alt=\"\" loading=\"lazy\" srcset=\"https:\/\/www.kisobrani-cerovecki.hr\/wp-content\/uploads\/10801923_626172774195329_491269790748237257_n-150x150.jpg 150w, https:\/\/www.kisobrani-cerovecki.hr\/wp-content\/uploads\/10801923_626172774195329_491269790748237257_n-300x300.jpg 300w, https:\/\/www.kisobrani-cerovecki.hr\/wp-content\/uploads\/10801923_626172774195329_491269790748237257_n-100x100.jpg 100w\" sizes=\"(max-width: 150px) 100vw, 150px\" \/>\n\t\t\t<\/div><\/figure><figure class='gallery-item'>\n\t\t\t<div class='gallery-icon portrait'>\n\t\t\t\t<img width=\"150\" height=\"150\" src=\"https:\/\/www.kisobrani-cerovecki.hr\/wp-content\/uploads\/11169824_666228286856444_4636213327826198114_n-150x150.jpg\" class=\"attachment-thumbnail size-thumbnail\" alt=\"\" loading=\"lazy\" srcset=\"https:\/\/www.kisobrani-cerovecki.hr\/wp-content\/uploads\/11169824_666228286856444_4636213327826198114_n-150x150.jpg 150w, https:\/\/www.kisobrani-cerovecki.hr\/wp-content\/uploads\/11169824_666228286856444_4636213327826198114_n-300x300.jpg 300w, https:\/\/www.kisobrani-cerovecki.hr\/wp-content\/uploads\/11169824_666228286856444_4636213327826198114_n-100x100.jpg 100w\" sizes=\"(max-width: 150px) 100vw, 150px\" \/>\n\t\t\t<\/div><\/figure><figure class='gallery-item'>\n\t\t\t<div class='gallery-icon landscape'>\n\t\t\t\t<img width=\"150\" height=\"150\" src=\"https:\/\/www.kisobrani-cerovecki.hr\/wp-content\/uploads\/12932810_843364312476173_2977329032864736122_n-150x150.jpg\" class=\"attachment-thumbnail size-thumbnail\" alt=\"\" loading=\"lazy\" srcset=\"https:\/\/www.kisobrani-cerovecki.hr\/wp-content\/uploads\/12932810_843364312476173_2977329032864736122_n-150x150.jpg 150w, https:\/\/www.kisobrani-cerovecki.hr\/wp-content\/uploads\/12932810_843364312476173_2977329032864736122_n-300x300.jpg 300w, https:\/\/www.kisobrani-cerovecki.hr\/wp-content\/uploads\/12932810_843364312476173_2977329032864736122_n-100x100.jpg 100w\" sizes=\"(max-width: 150px) 100vw, 150px\" \/>\n\t\t\t<\/div><\/figure><figure class='gallery-item'>\n\t\t\t<div class='gallery-icon portrait'>\n\t\t\t\t<img width=\"83\" height=\"150\" src=\"https:\/\/www.kisobrani-cerovecki.hr\/wp-content\/uploads\/12249945_10153670389262394_6136961091891880915_n-e1520590790375-83x150.jpg\" class=\"attachment-thumbnail size-thumbnail\" alt=\"\" loading=\"lazy\" \/>\n\t\t\t<\/div><\/figure><figure class='gallery-item'>\n\t\t\t<div class='gallery-icon landscape'>\n\t\t\t\t<img width=\"150\" height=\"150\" src=\"https:\/\/www.kisobrani-cerovecki.hr\/wp-content\/uploads\/12985368_843364392476165_970560126673560007_n-150x150.jpg\" class=\"attachment-thumbnail size-thumbnail\" alt=\"\" loading=\"lazy\" srcset=\"https:\/\/www.kisobrani-cerovecki.hr\/wp-content\/uploads\/12985368_843364392476165_970560126673560007_n-150x150.jpg 150w, https:\/\/www.kisobrani-cerovecki.hr\/wp-content\/uploads\/12985368_843364392476165_970560126673560007_n-300x300.jpg 300w, https:\/\/www.kisobrani-cerovecki.hr\/wp-content\/uploads\/12985368_843364392476165_970560126673560007_n-100x100.jpg 100w\" sizes=\"(max-width: 150px) 100vw, 150px\" \/>\n\t\t\t<\/div><\/figure>\n\t\t<\/div>\n\n<p><strong>Online Media<\/strong><\/p>\n<p><a href=\"https:\/\/www.24sata.hr\/lifestyle\/hrvatski-sesiri-zaludili-doktora-housea-a-strance-kabanice-396158\" target=\"_blank\" rel=\"noopener\">https:\/\/www.24sata.hr\/lifestyle\/hrvatski-sesiri-zaludili-doktora-housea-a-strance-kabanice-396158<\/a><\/p>\n<p><a href=\"https:\/\/www.scena.hr\/lifestyle\/kaplja-kisna-jakna-by-cerovecki\/\" target=\"_blank\" rel=\"noopener\">https:\/\/www.scena.hr\/lifestyle\/kaplja-kisna-jakna-by-cerovecki\/<\/a><\/p>\n<p><a href=\"http:\/\/junior.24sata.hr\/zanimljivosti\/sestinski-kisobran-pocrvenio-zbog-jake-ljubavi-dvoje-mladih-346003\" target=\"_blank\" rel=\"noopener\">http:\/\/junior.24sata.hr\/zanimljivosti\/sestinski-kisobran-pocrvenio-zbog-jake-ljubavi-dvoje-mladih-346003<\/a><\/p>\n<p><a href=\"http:\/\/www.zagrebcrafts.hr\/kisobrani-cerovecki\/\" target=\"_blank\" rel=\"noopener\">http:\/\/www.zagrebcrafts.hr\/kisobrani-cerovecki\/<\/a><\/p>\n<p><a href=\"https:\/\/cro-ponuda.eu\/miss-turizma-svijeta\/\" target=\"_blank\" rel=\"noopener\">https:\/\/cro-ponuda.eu\/miss-turizma-svijeta\/<\/a><\/p>\n<p><a href=\"http:\/\/zg-magazin.com.hr\/rucna-izrada-kisobrana-privlaci-pozornost-cijelog-svijeta\/\" target=\"_blank\" rel=\"noopener\">http:\/\/zg-magazin.com.hr\/rucna-izrada-kisobrana-privlaci-pozornost-cijelog-svijeta\/<\/a><\/p>\n<p><a href=\"https:\/\/www.vecernji.hr\/zagreb\/gdje-mi-je-kisobran-to-se-pitanje-vise-nece-postavljati-632144\" target=\"_blank\" rel=\"noopener\">https:\/\/www.vecernji.hr\/zagreb\/gdje-mi-je-kisobran-to-se-pitanje-vise-nece-postavljati-632144<\/a><\/p>\n<p><a href=\"https:\/\/www.jutarnji.hr\/Promo\/kisobrani-cerovecki\/6040344\/\" target=\"_blank\" rel=\"noopener\">https:\/\/www.jutarnji.hr\/Promo\/kisobrani-cerovecki\/6040344\/<\/a><\/p>\n<p><a href=\"http:\/\/plaviured.hr\/kisobrani-cerovecki-obiteljski-tradicijski-obrt-koji-zivi-duze-od-sto-godina\/\" target=\"_blank\" rel=\"noopener\">http:\/\/plaviured.hr\/kisobrani-cerovecki-obiteljski-tradicijski-obrt-koji-zivi-duze-od-sto-godina\/<\/a><\/p>\n<p><a href=\"https:\/\/www.24sata.hr\/lifestyle\/iz-radionice-cerovecki-stizu-kisobrani-koji-su-obisli-svijet-325217\" target=\"_blank\" rel=\"noopener\">https:\/\/www.24sata.hr\/lifestyle\/iz-radionice-cerovecki-stizu-kisobrani-koji-su-obisli-svijet-325217<\/a><\/p>\n<p><a href=\"http:\/\/www.prvi.hr\/antena-preporucuje\/trgovine\/kisobrani-cerovecki\" target=\"_blank\" rel=\"noopener\">http:\/\/www.prvi.hr\/antena-preporucuje\/trgovine\/kisobrani-cerovecki<\/a><\/p>\n<p><a href=\"http:\/\/www.dw.com\/hr\/jedini-u-hrvatskoj-ru%C4%8Dno-izra%C4%91uje-ki%C5%A1obrane\/a-17782368\" target=\"_blank\" rel=\"noopener\">http:\/\/www.dw.com\/hr\/jedini-u-hrvatskoj-ru\u010dno-izra\u0111uje-ki\u0161obrane\/a-17782368<\/a><\/p>\n<p><a href=\"http:\/\/glashrvatske.hrt.hr\/hr\/nekadsad\/hrvatska\/kisobran-za-troje\/\" target=\"_blank\" rel=\"noopener\">http:\/\/glashrvatske.hrt.hr\/hr\/nekadsad\/hrvatska\/kisobran-za-troje\/<\/a><\/p>\n<p><a href=\"https:\/\/www.hok.hr\/press\/novosti\/cehovi\/kaplja_krenula_na_hrvatsko_trziste\" target=\"_blank\" rel=\"noopener\">https:\/\/www.hok.hr\/press\/novosti\/cehovi\/kaplja_krenula_na_hrvatsko_trziste<\/a><\/p>","protected":false},"excerpt":{"rendered":"<p>Video Fotogalerija i isje\u010dci iz medija Iz medija https:\/\/www.24sata.hr\/lifestyle\/hrvatski-sesiri-zaludili-doktora-housea-a-strance-kabanice-396158 https:\/\/www.scena.hr\/lifestyle\/kaplja-kisna-jakna-by-cerovecki\/ http:\/\/junior.24sata.hr\/zanimljivosti\/sestinski-kisobran-pocrvenio-zbog-jake-ljubavi-dvoje-mladih-346003 http:\/\/www.zagrebcrafts.hr\/kisobrani-cerovecki\/ https:\/\/cro-ponuda.eu\/miss-turizma-svijeta\/ http:\/\/zg-magazin.com.hr\/rucna-izrada-kisobrana-privlaci-pozornost-cijelog-svijeta\/ https:\/\/www.vecernji.hr\/zagreb\/gdje-mi-je-kisobran-to-se-pitanje-vise-nece-postavljati-632144 https:\/\/www.jutarnji.hr\/Promo\/kisobrani-cerovecki\/6040344\/ http:\/\/plaviured.hr\/kisobrani-cerovecki-obiteljski-tradicijski-obrt-koji-zivi-duze-od-sto-godina\/ https:\/\/www.24sata.hr\/lifestyle\/iz-radionice-cerovecki-stizu-kisobrani-koji-su-obisli-svijet-325217 http:\/\/www.prvi.hr\/antena-preporucuje\/trgovine\/kisobrani-cerovecki http:\/\/www.dw.com\/hr\/jedini-u-hrvatskoj-ru\u010dno-izra\u0111uje-ki\u0161obrane\/a-17782368 http:\/\/glashrvatske.hrt.hr\/hr\/nekadsad\/hrvatska\/kisobran-za-troje\/ https:\/\/www.hok.hr\/press\/novosti\/cehovi\/kaplja_krenula_na_hrvatsko_trziste<\/p>","protected":false},"author":1,"featured_media":0,"parent":0,"menu_order":0,"comment_status":"closed","ping_status":"closed","template":"","meta":[],"_links":{"self":[{"href":"https:\/\/www.kisobrani-cerovecki.hr\/en\/wp-json\/wp\/v2\/pages\/166"}],"collection":[{"href":"https:\/\/www.kisobrani-cerovecki.hr\/en\/wp-json\/wp\/v2\/pages"}],"about":[{"href":"https:\/\/www.kisobrani-cerovecki.hr\/en\/wp-json\/wp\/v2\/types\/page"}],"author":[{"embeddable":true,"href":"https:\/\/www.kisobrani-cerovecki.hr\/en\/wp-json\/wp\/v2\/users\/1"}],"replies":[{"embeddable":true,"href":"https:\/\/www.kisobrani-cerovecki.hr\/en\/wp-json\/wp\/v2\/comments?post=166"}],"version-history":[{"count":12,"href":"https:\/\/www.kisobrani-cerovecki.hr\/en\/wp-json\/wp\/v2\/pages\/166\/revisions"}],"predecessor-version":[{"id":235,"href":"https:\/\/www.kisobrani-cerovecki.hr\/en\/wp-json\/wp\/v2\/pages\/166\/revisions\/235"}],"wp:attachment":[{"href":"https:\/\/www.kisobrani-cerovecki.hr\/en\/wp-json\/wp\/v2\/media?parent=166"}],"curies":[{"name":"wp","href":"https:\/\/api.w.org\/{rel}","templated":true}]}}