{"id":37,"date":"2018-01-11T12:16:11","date_gmt":"2018-01-11T11:16:11","guid":{"rendered":"http:\/\/www.kisobrani-cerovecki.hr\/2018\/?page_id=37"},"modified":"2022-10-15T10:23:18","modified_gmt":"2022-10-15T08:23:18","slug":"kabanica-kaplja","status":"publish","type":"page","link":"https:\/\/www.kisobrani-cerovecki.hr\/en\/kabanica-kaplja\/","title":{"rendered":"Kaplja raincoat"},"content":{"rendered":"<p>Kabanica Kaplja zajedni\u010dki je rad s dizajnericom <strong>Ana Rimac.<\/strong>It received two awards in Moj motiv 2.0 tender (My Motif) held by Zagreba\u010dka banka and the Croatian Chamber of Trades and Crafts. The \"Kaplja\" raincoat is 100% handmade, its shape mimics the famous \u0160estine umbrella and is made of the same material consisting of 55% cotton and 45% polyester.<\/p>\n<div id='gallery-1' class='gallery galleryid-37 gallery-columns-3 gallery-size-thumbnail'><figure class='gallery-item'>\n\t\t\t<div class='gallery-icon landscape'>\n\t\t\t\t<a href='https:\/\/www.kisobrani-cerovecki.hr\/wp-content\/uploads\/kaplja1.jpg'><img width=\"150\" height=\"150\" src=\"https:\/\/www.kisobrani-cerovecki.hr\/wp-content\/uploads\/kaplja1-150x150.jpg\" class=\"attachment-thumbnail size-thumbnail\" alt=\"\" loading=\"lazy\" srcset=\"https:\/\/www.kisobrani-cerovecki.hr\/wp-content\/uploads\/kaplja1-150x150.jpg 150w, https:\/\/www.kisobrani-cerovecki.hr\/wp-content\/uploads\/kaplja1-300x300.jpg 300w, https:\/\/www.kisobrani-cerovecki.hr\/wp-content\/uploads\/kaplja1-100x100.jpg 100w\" sizes=\"(max-width: 150px) 100vw, 150px\" \/><\/a>\n\t\t\t<\/div><\/figure><figure class='gallery-item'>\n\t\t\t<div class='gallery-icon landscape'>\n\t\t\t\t<a href='https:\/\/www.kisobrani-cerovecki.hr\/wp-content\/uploads\/kaplja2.jpg'><img width=\"150\" height=\"150\" src=\"https:\/\/www.kisobrani-cerovecki.hr\/wp-content\/uploads\/kaplja2-150x150.jpg\" class=\"attachment-thumbnail size-thumbnail\" alt=\"\" loading=\"lazy\" srcset=\"https:\/\/www.kisobrani-cerovecki.hr\/wp-content\/uploads\/kaplja2-150x150.jpg 150w, https:\/\/www.kisobrani-cerovecki.hr\/wp-content\/uploads\/kaplja2-300x300.jpg 300w, https:\/\/www.kisobrani-cerovecki.hr\/wp-content\/uploads\/kaplja2-100x100.jpg 100w\" sizes=\"(max-width: 150px) 100vw, 150px\" \/><\/a>\n\t\t\t<\/div><\/figure><figure class='gallery-item'>\n\t\t\t<div class='gallery-icon portrait'>\n\t\t\t\t<a href='https:\/\/www.kisobrani-cerovecki.hr\/wp-content\/uploads\/kaplja3.jpg'><img width=\"150\" height=\"150\" src=\"https:\/\/www.kisobrani-cerovecki.hr\/wp-content\/uploads\/kaplja3-150x150.jpg\" class=\"attachment-thumbnail size-thumbnail\" alt=\"\" loading=\"lazy\" srcset=\"https:\/\/www.kisobrani-cerovecki.hr\/wp-content\/uploads\/kaplja3-150x150.jpg 150w, https:\/\/www.kisobrani-cerovecki.hr\/wp-content\/uploads\/kaplja3-300x300.jpg 300w, https:\/\/www.kisobrani-cerovecki.hr\/wp-content\/uploads\/kaplja3-100x100.jpg 100w\" sizes=\"(max-width: 150px) 100vw, 150px\" \/><\/a>\n\t\t\t<\/div><\/figure>\n\t\t<\/div>","protected":false},"excerpt":{"rendered":"<p>Kabanica Kaplja zajedni\u010dki je rad s dizajnericom Anom Rimac. Kabanica je osvojila dvije nagrade na natje\u010daju Zagreba\u010dke banke i Hrvatske obrtni\u010dke komore. Kaplja je u potpunosti ru\u010dno izra\u0111ena, krojem prati formu slavnog \u0160estinskog ki\u0161obrana, a izra\u0111ena je od materijala koji sadr\u017ei 55% pamuka i 45% poliestera.<\/p>","protected":false},"author":1,"featured_media":45,"parent":0,"menu_order":0,"comment_status":"closed","ping_status":"closed","template":"","meta":[],"_links":{"self":[{"href":"https:\/\/www.kisobrani-cerovecki.hr\/en\/wp-json\/wp\/v2\/pages\/37"}],"collection":[{"href":"https:\/\/www.kisobrani-cerovecki.hr\/en\/wp-json\/wp\/v2\/pages"}],"about":[{"href":"https:\/\/www.kisobrani-cerovecki.hr\/en\/wp-json\/wp\/v2\/types\/page"}],"author":[{"embeddable":true,"href":"https:\/\/www.kisobrani-cerovecki.hr\/en\/wp-json\/wp\/v2\/users\/1"}],"replies":[{"embeddable":true,"href":"https:\/\/www.kisobrani-cerovecki.hr\/en\/wp-json\/wp\/v2\/comments?post=37"}],"version-history":[{"count":2,"href":"https:\/\/www.kisobrani-cerovecki.hr\/en\/wp-json\/wp\/v2\/pages\/37\/revisions"}],"predecessor-version":[{"id":567,"href":"https:\/\/www.kisobrani-cerovecki.hr\/en\/wp-json\/wp\/v2\/pages\/37\/revisions\/567"}],"wp:featuredmedia":[{"embeddable":true,"href":"https:\/\/www.kisobrani-cerovecki.hr\/en\/wp-json\/wp\/v2\/media\/45"}],"wp:attachment":[{"href":"https:\/\/www.kisobrani-cerovecki.hr\/en\/wp-json\/wp\/v2\/media?parent=37"}],"curies":[{"name":"wp","href":"https:\/\/api.w.org\/{rel}","templated":true}]}}