{"id":50,"date":"2018-01-11T12:52:59","date_gmt":"2018-01-11T11:52:59","guid":{"rendered":"http:\/\/www.kisobrani-cerovecki.hr\/2018\/?page_id=50"},"modified":"2018-01-11T12:54:34","modified_gmt":"2018-01-11T11:54:34","slug":"damski-suncobrani","status":"publish","type":"page","link":"https:\/\/www.kisobrani-cerovecki.hr\/en\/damski-suncobrani\/","title":{"rendered":"Ladies Parasols"},"content":{"rendered":"<p>Ladies parasols are specific in the thickness of their shaft and the length of the handle. They are made of natural fibers like cotton, linen or silk. We make parasols for everyday use, weddings and other special occasions. You can order and design your unique parasol from both our or your own materials.<\/p>\n<p>A long time ago, people invented parasols made of paper to protect them from sun and rain. The umbrellas have changed significantly over time, from silk and cotton covers to polyester canopy, from classic ones to compact umbrellas. Ladies have been using parasols to protect their fair complexion and gentle skin. Even today we look forward to a nice walk on a warm, sunny day when we can enjoy our time in the city or the countryside in the shade of a beautiful, romantic parasol. There's an old saying: If you're wearing an umbrella or a parasol to your wedding, you'll have a happy marriage. Many brides choose to stress their feminine charm with a unique umbrella or parasol, especially since they can design them from their wedding dress material. There are countless possibilities for a fashionable bridal parasol in styles, colors and size of your choosing. Each parasol we make in our workshop is a unique item. Parasols can be more or less complex, but they always remain beautiful, joyful and elegant.<\/p>\n<p>The materials you bring can be new or old (like your grandma's bed linen!). The shafts and handles we use are carefully chosen and elegantly handmade. Each parasol is unique in its style and delicat charm.<\/p>\n<div id='gallery-1' class='gallery galleryid-50 gallery-columns-3 gallery-size-thumbnail'><figure class='gallery-item'>\n\t\t\t<div class='gallery-icon landscape'>\n\t\t\t\t<a href='https:\/\/www.kisobrani-cerovecki.hr\/wp-content\/uploads\/15.jpg'><img width=\"150\" height=\"150\" src=\"https:\/\/www.kisobrani-cerovecki.hr\/wp-content\/uploads\/15-150x150.jpg\" class=\"attachment-thumbnail size-thumbnail\" alt=\"\" loading=\"lazy\" srcset=\"https:\/\/www.kisobrani-cerovecki.hr\/wp-content\/uploads\/15-150x150.jpg 150w, https:\/\/www.kisobrani-cerovecki.hr\/wp-content\/uploads\/15-300x300.jpg 300w, https:\/\/www.kisobrani-cerovecki.hr\/wp-content\/uploads\/15-100x100.jpg 100w\" sizes=\"(max-width: 150px) 100vw, 150px\" \/><\/a>\n\t\t\t<\/div><\/figure><figure class='gallery-item'>\n\t\t\t<div class='gallery-icon landscape'>\n\t\t\t\t<a href='https:\/\/www.kisobrani-cerovecki.hr\/wp-content\/uploads\/17.jpg'><img width=\"150\" height=\"150\" src=\"https:\/\/www.kisobrani-cerovecki.hr\/wp-content\/uploads\/17-150x150.jpg\" class=\"attachment-thumbnail size-thumbnail\" alt=\"\" loading=\"lazy\" srcset=\"https:\/\/www.kisobrani-cerovecki.hr\/wp-content\/uploads\/17-150x150.jpg 150w, https:\/\/www.kisobrani-cerovecki.hr\/wp-content\/uploads\/17-300x300.jpg 300w, https:\/\/www.kisobrani-cerovecki.hr\/wp-content\/uploads\/17-100x100.jpg 100w\" sizes=\"(max-width: 150px) 100vw, 150px\" \/><\/a>\n\t\t\t<\/div><\/figure><figure class='gallery-item'>\n\t\t\t<div class='gallery-icon landscape'>\n\t\t\t\t<a href='https:\/\/www.kisobrani-cerovecki.hr\/wp-content\/uploads\/19.jpg'><img width=\"150\" height=\"150\" src=\"https:\/\/www.kisobrani-cerovecki.hr\/wp-content\/uploads\/19-150x150.jpg\" class=\"attachment-thumbnail size-thumbnail\" alt=\"\" loading=\"lazy\" srcset=\"https:\/\/www.kisobrani-cerovecki.hr\/wp-content\/uploads\/19-150x150.jpg 150w, https:\/\/www.kisobrani-cerovecki.hr\/wp-content\/uploads\/19-300x300.jpg 300w, https:\/\/www.kisobrani-cerovecki.hr\/wp-content\/uploads\/19-100x100.jpg 100w\" sizes=\"(max-width: 150px) 100vw, 150px\" \/><\/a>\n\t\t\t<\/div><\/figure><figure class='gallery-item'>\n\t\t\t<div class='gallery-icon landscape'>\n\t\t\t\t<a href='https:\/\/www.kisobrani-cerovecki.hr\/wp-content\/uploads\/02-1.jpg'><img width=\"150\" height=\"150\" src=\"https:\/\/www.kisobrani-cerovecki.hr\/wp-content\/uploads\/02-1-150x150.jpg\" class=\"attachment-thumbnail size-thumbnail\" alt=\"\" loading=\"lazy\" srcset=\"https:\/\/www.kisobrani-cerovecki.hr\/wp-content\/uploads\/02-1-150x150.jpg 150w, https:\/\/www.kisobrani-cerovecki.hr\/wp-content\/uploads\/02-1-300x300.jpg 300w, https:\/\/www.kisobrani-cerovecki.hr\/wp-content\/uploads\/02-1-100x100.jpg 100w\" sizes=\"(max-width: 150px) 100vw, 150px\" \/><\/a>\n\t\t\t<\/div><\/figure><figure class='gallery-item'>\n\t\t\t<div class='gallery-icon landscape'>\n\t\t\t\t<a href='https:\/\/www.kisobrani-cerovecki.hr\/wp-content\/uploads\/05-1.jpg'><img width=\"150\" height=\"150\" src=\"https:\/\/www.kisobrani-cerovecki.hr\/wp-content\/uploads\/05-1-150x150.jpg\" class=\"attachment-thumbnail size-thumbnail\" alt=\"\" loading=\"lazy\" srcset=\"https:\/\/www.kisobrani-cerovecki.hr\/wp-content\/uploads\/05-1-150x150.jpg 150w, https:\/\/www.kisobrani-cerovecki.hr\/wp-content\/uploads\/05-1-300x300.jpg 300w, https:\/\/www.kisobrani-cerovecki.hr\/wp-content\/uploads\/05-1-100x100.jpg 100w\" sizes=\"(max-width: 150px) 100vw, 150px\" \/><\/a>\n\t\t\t<\/div><\/figure><figure class='gallery-item'>\n\t\t\t<div class='gallery-icon landscape'>\n\t\t\t\t<a href='https:\/\/www.kisobrani-cerovecki.hr\/wp-content\/uploads\/16.jpg'><img width=\"150\" height=\"150\" src=\"https:\/\/www.kisobrani-cerovecki.hr\/wp-content\/uploads\/16-150x150.jpg\" class=\"attachment-thumbnail size-thumbnail\" alt=\"\" loading=\"lazy\" srcset=\"https:\/\/www.kisobrani-cerovecki.hr\/wp-content\/uploads\/16-150x150.jpg 150w, https:\/\/www.kisobrani-cerovecki.hr\/wp-content\/uploads\/16-300x300.jpg 300w, https:\/\/www.kisobrani-cerovecki.hr\/wp-content\/uploads\/16-100x100.jpg 100w\" sizes=\"(max-width: 150px) 100vw, 150px\" \/><\/a>\n\t\t\t<\/div><\/figure><figure class='gallery-item'>\n\t\t\t<div class='gallery-icon landscape'>\n\t\t\t\t<a href='https:\/\/www.kisobrani-cerovecki.hr\/wp-content\/uploads\/13.jpg'><img width=\"150\" height=\"150\" src=\"https:\/\/www.kisobrani-cerovecki.hr\/wp-content\/uploads\/13-150x150.jpg\" class=\"attachment-thumbnail size-thumbnail\" alt=\"\" loading=\"lazy\" srcset=\"https:\/\/www.kisobrani-cerovecki.hr\/wp-content\/uploads\/13-150x150.jpg 150w, https:\/\/www.kisobrani-cerovecki.hr\/wp-content\/uploads\/13-300x300.jpg 300w, https:\/\/www.kisobrani-cerovecki.hr\/wp-content\/uploads\/13-100x100.jpg 100w\" sizes=\"(max-width: 150px) 100vw, 150px\" \/><\/a>\n\t\t\t<\/div><\/figure><figure class='gallery-item'>\n\t\t\t<div class='gallery-icon landscape'>\n\t\t\t\t<a href='https:\/\/www.kisobrani-cerovecki.hr\/wp-content\/uploads\/03-1.jpg'><img width=\"150\" height=\"150\" src=\"https:\/\/www.kisobrani-cerovecki.hr\/wp-content\/uploads\/03-1-150x150.jpg\" class=\"attachment-thumbnail size-thumbnail\" alt=\"\" loading=\"lazy\" srcset=\"https:\/\/www.kisobrani-cerovecki.hr\/wp-content\/uploads\/03-1-150x150.jpg 150w, https:\/\/www.kisobrani-cerovecki.hr\/wp-content\/uploads\/03-1-300x300.jpg 300w, https:\/\/www.kisobrani-cerovecki.hr\/wp-content\/uploads\/03-1-100x100.jpg 100w\" sizes=\"(max-width: 150px) 100vw, 150px\" \/><\/a>\n\t\t\t<\/div><\/figure><figure class='gallery-item'>\n\t\t\t<div class='gallery-icon landscape'>\n\t\t\t\t<a href='https:\/\/www.kisobrani-cerovecki.hr\/wp-content\/uploads\/01-1.jpg'><img width=\"150\" height=\"150\" src=\"https:\/\/www.kisobrani-cerovecki.hr\/wp-content\/uploads\/01-1-150x150.jpg\" class=\"attachment-thumbnail size-thumbnail\" alt=\"\" loading=\"lazy\" srcset=\"https:\/\/www.kisobrani-cerovecki.hr\/wp-content\/uploads\/01-1-150x150.jpg 150w, https:\/\/www.kisobrani-cerovecki.hr\/wp-content\/uploads\/01-1-300x300.jpg 300w, https:\/\/www.kisobrani-cerovecki.hr\/wp-content\/uploads\/01-1-100x100.jpg 100w\" sizes=\"(max-width: 150px) 100vw, 150px\" \/><\/a>\n\t\t\t<\/div><\/figure><figure class='gallery-item'>\n\t\t\t<div class='gallery-icon landscape'>\n\t\t\t\t<a href='https:\/\/www.kisobrani-cerovecki.hr\/wp-content\/uploads\/06-1.jpg'><img width=\"150\" height=\"150\" src=\"https:\/\/www.kisobrani-cerovecki.hr\/wp-content\/uploads\/06-1-150x150.jpg\" class=\"attachment-thumbnail size-thumbnail\" alt=\"\" loading=\"lazy\" srcset=\"https:\/\/www.kisobrani-cerovecki.hr\/wp-content\/uploads\/06-1-150x150.jpg 150w, https:\/\/www.kisobrani-cerovecki.hr\/wp-content\/uploads\/06-1-300x300.jpg 300w, https:\/\/www.kisobrani-cerovecki.hr\/wp-content\/uploads\/06-1-100x100.jpg 100w\" sizes=\"(max-width: 150px) 100vw, 150px\" \/><\/a>\n\t\t\t<\/div><\/figure><figure class='gallery-item'>\n\t\t\t<div class='gallery-icon landscape'>\n\t\t\t\t<a href='https:\/\/www.kisobrani-cerovecki.hr\/wp-content\/uploads\/10.jpg'><img width=\"150\" height=\"150\" src=\"https:\/\/www.kisobrani-cerovecki.hr\/wp-content\/uploads\/10-150x150.jpg\" class=\"attachment-thumbnail size-thumbnail\" alt=\"\" loading=\"lazy\" srcset=\"https:\/\/www.kisobrani-cerovecki.hr\/wp-content\/uploads\/10-150x150.jpg 150w, https:\/\/www.kisobrani-cerovecki.hr\/wp-content\/uploads\/10-300x300.jpg 300w, https:\/\/www.kisobrani-cerovecki.hr\/wp-content\/uploads\/10-100x100.jpg 100w\" sizes=\"(max-width: 150px) 100vw, 150px\" \/><\/a>\n\t\t\t<\/div><\/figure><figure class='gallery-item'>\n\t\t\t<div class='gallery-icon landscape'>\n\t\t\t\t<a href='https:\/\/www.kisobrani-cerovecki.hr\/wp-content\/uploads\/04-1.jpg'><img width=\"150\" height=\"150\" src=\"https:\/\/www.kisobrani-cerovecki.hr\/wp-content\/uploads\/04-1-150x150.jpg\" class=\"attachment-thumbnail size-thumbnail\" alt=\"\" loading=\"lazy\" srcset=\"https:\/\/www.kisobrani-cerovecki.hr\/wp-content\/uploads\/04-1-150x150.jpg 150w, https:\/\/www.kisobrani-cerovecki.hr\/wp-content\/uploads\/04-1-300x300.jpg 300w, https:\/\/www.kisobrani-cerovecki.hr\/wp-content\/uploads\/04-1-100x100.jpg 100w\" sizes=\"(max-width: 150px) 100vw, 150px\" \/><\/a>\n\t\t\t<\/div><\/figure><figure class='gallery-item'>\n\t\t\t<div class='gallery-icon landscape'>\n\t\t\t\t<a href='https:\/\/www.kisobrani-cerovecki.hr\/wp-content\/uploads\/20.jpg'><img width=\"150\" height=\"150\" src=\"https:\/\/www.kisobrani-cerovecki.hr\/wp-content\/uploads\/20-150x150.jpg\" class=\"attachment-thumbnail size-thumbnail\" alt=\"\" loading=\"lazy\" srcset=\"https:\/\/www.kisobrani-cerovecki.hr\/wp-content\/uploads\/20-150x150.jpg 150w, https:\/\/www.kisobrani-cerovecki.hr\/wp-content\/uploads\/20-300x300.jpg 300w, https:\/\/www.kisobrani-cerovecki.hr\/wp-content\/uploads\/20-100x100.jpg 100w\" sizes=\"(max-width: 150px) 100vw, 150px\" \/><\/a>\n\t\t\t<\/div><\/figure><figure class='gallery-item'>\n\t\t\t<div class='gallery-icon landscape'>\n\t\t\t\t<a href='https:\/\/www.kisobrani-cerovecki.hr\/wp-content\/uploads\/09.jpg'><img width=\"150\" height=\"150\" src=\"https:\/\/www.kisobrani-cerovecki.hr\/wp-content\/uploads\/09-150x150.jpg\" class=\"attachment-thumbnail size-thumbnail\" alt=\"\" loading=\"lazy\" srcset=\"https:\/\/www.kisobrani-cerovecki.hr\/wp-content\/uploads\/09-150x150.jpg 150w, https:\/\/www.kisobrani-cerovecki.hr\/wp-content\/uploads\/09-300x300.jpg 300w, https:\/\/www.kisobrani-cerovecki.hr\/wp-content\/uploads\/09-100x100.jpg 100w\" sizes=\"(max-width: 150px) 100vw, 150px\" \/><\/a>\n\t\t\t<\/div><\/figure><figure class='gallery-item'>\n\t\t\t<div class='gallery-icon landscape'>\n\t\t\t\t<a href='https:\/\/www.kisobrani-cerovecki.hr\/wp-content\/uploads\/12.jpg'><img width=\"150\" height=\"150\" src=\"https:\/\/www.kisobrani-cerovecki.hr\/wp-content\/uploads\/12-150x150.jpg\" class=\"attachment-thumbnail size-thumbnail\" alt=\"\" loading=\"lazy\" srcset=\"https:\/\/www.kisobrani-cerovecki.hr\/wp-content\/uploads\/12-150x150.jpg 150w, https:\/\/www.kisobrani-cerovecki.hr\/wp-content\/uploads\/12-300x300.jpg 300w, https:\/\/www.kisobrani-cerovecki.hr\/wp-content\/uploads\/12-100x100.jpg 100w\" sizes=\"(max-width: 150px) 100vw, 150px\" \/><\/a>\n\t\t\t<\/div><\/figure><figure class='gallery-item'>\n\t\t\t<div class='gallery-icon landscape'>\n\t\t\t\t<a href='https:\/\/www.kisobrani-cerovecki.hr\/wp-content\/uploads\/07-1.jpg'><img width=\"150\" height=\"150\" src=\"https:\/\/www.kisobrani-cerovecki.hr\/wp-content\/uploads\/07-1-150x150.jpg\" class=\"attachment-thumbnail size-thumbnail\" alt=\"\" loading=\"lazy\" srcset=\"https:\/\/www.kisobrani-cerovecki.hr\/wp-content\/uploads\/07-1-150x150.jpg 150w, https:\/\/www.kisobrani-cerovecki.hr\/wp-content\/uploads\/07-1-300x300.jpg 300w, https:\/\/www.kisobrani-cerovecki.hr\/wp-content\/uploads\/07-1-100x100.jpg 100w\" sizes=\"(max-width: 150px) 100vw, 150px\" \/><\/a>\n\t\t\t<\/div><\/figure><figure class='gallery-item'>\n\t\t\t<div class='gallery-icon landscape'>\n\t\t\t\t<a href='https:\/\/www.kisobrani-cerovecki.hr\/wp-content\/uploads\/08-1.jpg'><img width=\"150\" height=\"150\" src=\"https:\/\/www.kisobrani-cerovecki.hr\/wp-content\/uploads\/08-1-150x150.jpg\" class=\"attachment-thumbnail size-thumbnail\" alt=\"\" loading=\"lazy\" srcset=\"https:\/\/www.kisobrani-cerovecki.hr\/wp-content\/uploads\/08-1-150x150.jpg 150w, https:\/\/www.kisobrani-cerovecki.hr\/wp-content\/uploads\/08-1-300x300.jpg 300w, https:\/\/www.kisobrani-cerovecki.hr\/wp-content\/uploads\/08-1-100x100.jpg 100w\" sizes=\"(max-width: 150px) 100vw, 150px\" \/><\/a>\n\t\t\t<\/div><\/figure><figure class='gallery-item'>\n\t\t\t<div class='gallery-icon landscape'>\n\t\t\t\t<a href='https:\/\/www.kisobrani-cerovecki.hr\/wp-content\/uploads\/18.jpg'><img width=\"150\" height=\"150\" src=\"https:\/\/www.kisobrani-cerovecki.hr\/wp-content\/uploads\/18-150x150.jpg\" class=\"attachment-thumbnail size-thumbnail\" alt=\"\" loading=\"lazy\" srcset=\"https:\/\/www.kisobrani-cerovecki.hr\/wp-content\/uploads\/18-150x150.jpg 150w, https:\/\/www.kisobrani-cerovecki.hr\/wp-content\/uploads\/18-300x300.jpg 300w, https:\/\/www.kisobrani-cerovecki.hr\/wp-content\/uploads\/18-100x100.jpg 100w\" sizes=\"(max-width: 150px) 100vw, 150px\" \/><\/a>\n\t\t\t<\/div><\/figure><figure class='gallery-item'>\n\t\t\t<div class='gallery-icon landscape'>\n\t\t\t\t<a href='https:\/\/www.kisobrani-cerovecki.hr\/wp-content\/uploads\/11.jpg'><img width=\"150\" height=\"150\" src=\"https:\/\/www.kisobrani-cerovecki.hr\/wp-content\/uploads\/11-150x150.jpg\" class=\"attachment-thumbnail size-thumbnail\" alt=\"\" loading=\"lazy\" srcset=\"https:\/\/www.kisobrani-cerovecki.hr\/wp-content\/uploads\/11-150x150.jpg 150w, https:\/\/www.kisobrani-cerovecki.hr\/wp-content\/uploads\/11-300x300.jpg 300w, https:\/\/www.kisobrani-cerovecki.hr\/wp-content\/uploads\/11-100x100.jpg 100w\" sizes=\"(max-width: 150px) 100vw, 150px\" \/><\/a>\n\t\t\t<\/div><\/figure><figure class='gallery-item'>\n\t\t\t<div class='gallery-icon landscape'>\n\t\t\t\t<a href='https:\/\/www.kisobrani-cerovecki.hr\/wp-content\/uploads\/14.jpg'><img width=\"150\" height=\"150\" src=\"https:\/\/www.kisobrani-cerovecki.hr\/wp-content\/uploads\/14-150x150.jpg\" class=\"attachment-thumbnail size-thumbnail\" alt=\"\" loading=\"lazy\" srcset=\"https:\/\/www.kisobrani-cerovecki.hr\/wp-content\/uploads\/14-150x150.jpg 150w, https:\/\/www.kisobrani-cerovecki.hr\/wp-content\/uploads\/14-300x300.jpg 300w, https:\/\/www.kisobrani-cerovecki.hr\/wp-content\/uploads\/14-100x100.jpg 100w\" sizes=\"(max-width: 150px) 100vw, 150px\" \/><\/a>\n\t\t\t<\/div><\/figure>\n\t\t<\/div>","protected":false},"excerpt":{"rendered":"<p>Damski suncobrani specifi\u010dni su po debljini \u0161tapa i duljini ru\u010dke. Pokrov islju\u010divo od prirodnih vlakana: pamuk, lan, svila. Za svakodnevnu uporabu i sve\u010dane prigode. Izra\u0111ujemo po narud\u017ebi iz na\u0161ih ili Va\u0161ih materijala. Jednom davno izmi\u0161ljeni su suncobrani od papira kao za\u0161tita od sunca i ki\u0161e. Kako je vrijeme prolazilo tako su se i ki\u0161obrani mijenjali. [&hellip;]<\/p>","protected":false},"author":1,"featured_media":71,"parent":0,"menu_order":0,"comment_status":"closed","ping_status":"closed","template":"","meta":[],"_links":{"self":[{"href":"https:\/\/www.kisobrani-cerovecki.hr\/en\/wp-json\/wp\/v2\/pages\/50"}],"collection":[{"href":"https:\/\/www.kisobrani-cerovecki.hr\/en\/wp-json\/wp\/v2\/pages"}],"about":[{"href":"https:\/\/www.kisobrani-cerovecki.hr\/en\/wp-json\/wp\/v2\/types\/page"}],"author":[{"embeddable":true,"href":"https:\/\/www.kisobrani-cerovecki.hr\/en\/wp-json\/wp\/v2\/users\/1"}],"replies":[{"embeddable":true,"href":"https:\/\/www.kisobrani-cerovecki.hr\/en\/wp-json\/wp\/v2\/comments?post=50"}],"version-history":[{"count":1,"href":"https:\/\/www.kisobrani-cerovecki.hr\/en\/wp-json\/wp\/v2\/pages\/50\/revisions"}],"predecessor-version":[{"id":72,"href":"https:\/\/www.kisobrani-cerovecki.hr\/en\/wp-json\/wp\/v2\/pages\/50\/revisions\/72"}],"wp:featuredmedia":[{"embeddable":true,"href":"https:\/\/www.kisobrani-cerovecki.hr\/en\/wp-json\/wp\/v2\/media\/71"}],"wp:attachment":[{"href":"https:\/\/www.kisobrani-cerovecki.hr\/en\/wp-json\/wp\/v2\/media?parent=50"}],"curies":[{"name":"wp","href":"https:\/\/api.w.org\/{rel}","templated":true}]}}