{"id":88,"date":"2018-01-12T11:08:07","date_gmt":"2018-01-12T10:08:07","guid":{"rendered":"http:\/\/www.kisobrani-cerovecki.hr\/2018\/?page_id=88"},"modified":"2018-01-12T11:08:07","modified_gmt":"2018-01-12T10:08:07","slug":"kisobran-s-10-zica","status":"publish","type":"page","link":"https:\/\/www.kisobrani-cerovecki.hr\/en\/kisobran-s-10-zica\/","title":{"rendered":"10-rib Umbrellas"},"content":{"rendered":"<p>A strong, premium quality, wind-resistant umbrella. It has a natural wood shaft with a chestnut or malacca handle. Premium quality rustproof metal ribs, 61 cm or 63 cm in length. Manual opening. Colors: black, brown, dark blue, gray.<\/p>\n<h6>ELEGANT 10-RIB UMBRELLA<\/h6>\n<p>A fabulous quality, wind-resistant umbrella. It has a rustproof metal shaft and a brown, genuine leather handle. With rustproof metal ribs, 63 cm in length. This umbrella is made from a high-performance polyester canopy. Manual opening. Colors: black, brown, gray.<\/p>\n<div id='gallery-1' class='gallery galleryid-88 gallery-columns-3 gallery-size-thumbnail'><figure class='gallery-item'>\n\t\t\t<div class='gallery-icon landscape'>\n\t\t\t\t<a href='https:\/\/www.kisobrani-cerovecki.hr\/wp-content\/uploads\/01-3.jpg'><img width=\"150\" height=\"150\" src=\"https:\/\/www.kisobrani-cerovecki.hr\/wp-content\/uploads\/01-3-150x150.jpg\" class=\"attachment-thumbnail size-thumbnail\" alt=\"\" loading=\"lazy\" srcset=\"https:\/\/www.kisobrani-cerovecki.hr\/wp-content\/uploads\/01-3-150x150.jpg 150w, https:\/\/www.kisobrani-cerovecki.hr\/wp-content\/uploads\/01-3-300x300.jpg 300w, https:\/\/www.kisobrani-cerovecki.hr\/wp-content\/uploads\/01-3-100x100.jpg 100w\" sizes=\"(max-width: 150px) 100vw, 150px\" \/><\/a>\n\t\t\t<\/div><\/figure><figure class='gallery-item'>\n\t\t\t<div class='gallery-icon landscape'>\n\t\t\t\t<a href='https:\/\/www.kisobrani-cerovecki.hr\/wp-content\/uploads\/02-3.jpg'><img width=\"150\" height=\"150\" src=\"https:\/\/www.kisobrani-cerovecki.hr\/wp-content\/uploads\/02-3-150x150.jpg\" class=\"attachment-thumbnail size-thumbnail\" alt=\"\" loading=\"lazy\" srcset=\"https:\/\/www.kisobrani-cerovecki.hr\/wp-content\/uploads\/02-3-150x150.jpg 150w, https:\/\/www.kisobrani-cerovecki.hr\/wp-content\/uploads\/02-3-300x300.jpg 300w, https:\/\/www.kisobrani-cerovecki.hr\/wp-content\/uploads\/02-3-100x100.jpg 100w\" sizes=\"(max-width: 150px) 100vw, 150px\" \/><\/a>\n\t\t\t<\/div><\/figure>\n\t\t<\/div>","protected":false},"excerpt":{"rendered":"<p>Kompaktan ki\u0161obran vrhunske kvalitete, otporan na vjetar. Izra\u0111en na drvenom \u0161tapu s dr\u0161kom od kestena ili malage-ror. Metalne \u017eice vrhunske kvalitete, otporne na hr\u0111u, duljine 61 cm ili 63 cm. Klasi\u010dno otvaranje. Boje: crna, sme\u0111a, tamno plava, siva. ELEGANTNI KI\u0160OBRAN S 10 \u017dICA Izuzetno kvalitetan ki\u0161obran, otporan na vjetar. Izra\u0111en na metalnom \u0161tapu za\u0161ti\u0107enom od [&hellip;]<\/p>","protected":false},"author":1,"featured_media":91,"parent":0,"menu_order":0,"comment_status":"closed","ping_status":"closed","template":"","meta":[],"_links":{"self":[{"href":"https:\/\/www.kisobrani-cerovecki.hr\/en\/wp-json\/wp\/v2\/pages\/88"}],"collection":[{"href":"https:\/\/www.kisobrani-cerovecki.hr\/en\/wp-json\/wp\/v2\/pages"}],"about":[{"href":"https:\/\/www.kisobrani-cerovecki.hr\/en\/wp-json\/wp\/v2\/types\/page"}],"author":[{"embeddable":true,"href":"https:\/\/www.kisobrani-cerovecki.hr\/en\/wp-json\/wp\/v2\/users\/1"}],"replies":[{"embeddable":true,"href":"https:\/\/www.kisobrani-cerovecki.hr\/en\/wp-json\/wp\/v2\/comments?post=88"}],"version-history":[{"count":1,"href":"https:\/\/www.kisobrani-cerovecki.hr\/en\/wp-json\/wp\/v2\/pages\/88\/revisions"}],"predecessor-version":[{"id":92,"href":"https:\/\/www.kisobrani-cerovecki.hr\/en\/wp-json\/wp\/v2\/pages\/88\/revisions\/92"}],"wp:featuredmedia":[{"embeddable":true,"href":"https:\/\/www.kisobrani-cerovecki.hr\/en\/wp-json\/wp\/v2\/media\/91"}],"wp:attachment":[{"href":"https:\/\/www.kisobrani-cerovecki.hr\/en\/wp-json\/wp\/v2\/media?parent=88"}],"curies":[{"name":"wp","href":"https:\/\/api.w.org\/{rel}","templated":true}]}}