{"id":320,"date":"2022-10-09T15:51:39","date_gmt":"2022-10-09T13:51:39","guid":{"rendered":"https:\/\/www.kisobrani-cerovecki.hr\/?post_type=product&#038;p=320"},"modified":"2023-10-06T15:15:28","modified_gmt":"2023-10-06T13:15:28","slug":"sestinski-kisobran-br-1","status":"publish","type":"product","link":"https:\/\/www.kisobrani-cerovecki.hr\/en\/product\/sestinski-kisobran-br-1\/","title":{"rendered":"\u0160estine umbrella, one piece shaft Nr.1"},"content":{"rendered":"","protected":false},"excerpt":{"rendered":"<p>The \u0160estine umbrella date's back to the mid 18th century. It is a part of the folk costume worn in the \u0160estine region of Zagreb and its a recognisable souvenir of Croatia's capital.<\/p>\n<p>\u0160estine umbrella from one piece shaft<\/p>\n<p>Fabric: 55% cotton 45% Polyester<\/p>\n<p>Wooden shaft with chestnut handgrip<\/p>\n<p>Metal wires are rust resistant, wire length 61\/8 cm<\/p>\n<p>Diameter: 105 cm<\/p>\n<p>Weight: 552 g<\/p>\n<p>&nbsp;<\/p>","protected":false},"featured_media":404,"template":"","meta":[],"product_cat":[18],"product_tag":[],"_links":{"self":[{"href":"https:\/\/www.kisobrani-cerovecki.hr\/en\/wp-json\/wp\/v2\/product\/320"}],"collection":[{"href":"https:\/\/www.kisobrani-cerovecki.hr\/en\/wp-json\/wp\/v2\/product"}],"about":[{"href":"https:\/\/www.kisobrani-cerovecki.hr\/en\/wp-json\/wp\/v2\/types\/product"}],"wp:featuredmedia":[{"embeddable":true,"href":"https:\/\/www.kisobrani-cerovecki.hr\/en\/wp-json\/wp\/v2\/media\/404"}],"wp:attachment":[{"href":"https:\/\/www.kisobrani-cerovecki.hr\/en\/wp-json\/wp\/v2\/media?parent=320"}],"wp:term":[{"taxonomy":"product_cat","embeddable":true,"href":"https:\/\/www.kisobrani-cerovecki.hr\/en\/wp-json\/wp\/v2\/product_cat?post=320"},{"taxonomy":"product_tag","embeddable":true,"href":"https:\/\/www.kisobrani-cerovecki.hr\/en\/wp-json\/wp\/v2\/product_tag?post=320"}],"curies":[{"name":"wp","href":"https:\/\/api.w.org\/{rel}","templated":true}]}}